{"id":75,"date":"2016-03-05T02:51:29","date_gmt":"2016-03-05T01:51:29","guid":{"rendered":"http:\/\/www.francescobrandoli.eu\/?page_id=75"},"modified":"2016-05-31T16:07:20","modified_gmt":"2016-05-31T14:07:20","slug":"il-dio-del-dolore","status":"publish","type":"page","link":"http:\/\/www.francescobrandoli.eu\/index.php\/my-works-3\/romanzi\/il-dio-del-dolore\/","title":{"rendered":"Il Dio del dolore"},"content":{"rendered":"<div style=\"padding-bottom:20px; padding-top:10px;\" class=\"hupso-share-buttons\"><!-- Hupso Share Buttons - https:\/\/www.hupso.com\/share\/ --><a class=\"hupso_counters\" href=\"https:\/\/www.hupso.com\/share\/\"><img decoding=\"async\" src=\"http:\/\/static.hupso.com\/share\/buttons\/share-small.png\" style=\"border:0px; padding-top:2px; float:left;\" alt=\"Share Button\"\/><\/a><script type=\"text\/javascript\">var hupso_services_c=new Array(\"twitter\",\"facebook_like\",\"facebook_send\",\"google\",\"pinterest\",\"email\",\"print\");var hupso_counters_lang = \"en_US\";var hupso_image_folder_url = \"http:\/\/www.francescobrandoli.eu\/wp-content\/plugins\/hupso-share-buttons-for-twitter-facebook-google\/img\/services\/\";var hupso_url_c=\"\";var hupso_title_c=\"Il Dio del dolore\";<\/script><script type=\"text\/javascript\" src=\"http:\/\/static.hupso.com\/share\/js\/counters.js\"><\/script><!-- Hupso Share Buttons --><\/div><p style=\"text-align: justify;\" align=\"right\">\u00a0\u00a0\u00a0\u00a0\u00a0\u00a0\u00a0\u00a0\u00a0\u00a0\u00a0\u00a0\u00a0\u00a0\u00a0\u00a0\u00a0\u00a0\u00a0\u00a0\u00a0\u00a0\u00a0\u00a0\u00a0\u00a0\u00a0 <img loading=\"lazy\" decoding=\"async\" class=\"alignnone size-medium wp-image-186\" src=\"http:\/\/www.francescobrandoli.eu\/wp-content\/uploads\/2016\/03\/RETRO-COP-DIO-DOLORE-1-208x300.jpg\" alt=\"RETRO COP DIO DOLORE\" width=\"208\" height=\"300\" srcset=\"http:\/\/www.francescobrandoli.eu\/wp-content\/uploads\/2016\/03\/RETRO-COP-DIO-DOLORE-1-208x300.jpg 208w, http:\/\/www.francescobrandoli.eu\/wp-content\/uploads\/2016\/03\/RETRO-COP-DIO-DOLORE-1-768x1109.jpg 768w, http:\/\/www.francescobrandoli.eu\/wp-content\/uploads\/2016\/03\/RETRO-COP-DIO-DOLORE-1-709x1024.jpg 709w, http:\/\/www.francescobrandoli.eu\/wp-content\/uploads\/2016\/03\/RETRO-COP-DIO-DOLORE-1.jpg 1050w\" sizes=\"(max-width: 208px) 100vw, 208px\" \/><img loading=\"lazy\" decoding=\"async\" class=\"alignnone size-medium wp-image-135\" src=\"http:\/\/www.francescobrandoli.eu\/wp-content\/uploads\/2016\/03\/cropped-il-dio-del-dolore-COP-207x300.jpg\" alt=\"cropped-il-dio-del-dolore-COP.jpg\" width=\"207\" height=\"300\" srcset=\"http:\/\/www.francescobrandoli.eu\/wp-content\/uploads\/2016\/03\/cropped-il-dio-del-dolore-COP-207x300.jpg 207w, http:\/\/www.francescobrandoli.eu\/wp-content\/uploads\/2016\/03\/cropped-il-dio-del-dolore-COP-768x1112.jpg 768w, http:\/\/www.francescobrandoli.eu\/wp-content\/uploads\/2016\/03\/cropped-il-dio-del-dolore-COP-707x1024.jpg 707w, http:\/\/www.francescobrandoli.eu\/wp-content\/uploads\/2016\/03\/cropped-il-dio-del-dolore-COP.jpg 1190w\" sizes=\"(max-width: 207px) 100vw, 207px\" \/><\/p>\n<p style=\"text-align: justify;\" align=\"right\"><span style=\"font-family: Verdana; font-size: medium;\"><strong>SINOSSI:<\/strong><\/span><\/p>\n<p>Esiste un dio creatore di tutte le storie, di tutti gli altri dei e anche del giovane Ashioka, Dio del Dolore e della Morte, da sempre tormentato sulla natura del proprio ruolo nell\u2019Universo.<\/p>\n<p>Nel cosmo che Ashioka ha il compito di sorvegliare affinch\u00e9 l\u2019equilibrio resti inalterato, esiste un pianeta rosso, Amhambara, desertico e inospitale, dove il sole sembra essersi addormentato, lasciando i suoi abitanti perennemente avvolti nell\u2019oscurit\u00e0.<\/p>\n<p>Questo fatto \u00e8 all\u2019origine di una guerra decennale tra le due etnie che ci vivono: i pacifici Zaffiri, coltivatori e artigiani, amanti della natura, e i rozzi Sassosi, popolo di negromanti e minatori.<\/p>\n<p>Le loro continue battaglie giovano al Dio della Guerra, che ha dato il proprio nome al pianeta e che dai Sassosi viene adorato e rispettato insieme ai propri figli: Violenza, Distruzione, Crudelt\u00e0 e Disperazione.<\/p>\n<p>Star\u00e0 ad Ashioka capire perch\u00e9 il sole sia sparito e dove stia dormendo, ma anche cessare gli scontri e riportare la pace, ricomponendo un quadro antico e ancora valido, quello in cui la vita \u00e8 un continuo susseguirsi di cicli e dove la morte non \u00e8 la fine ma un nuovo inizio.<\/p>\n<p style=\"text-align: justify;\" align=\"right\"><span style=\"font-family: Verdana; font-size: medium;\">Link al sito dell&#8217;Ed. TABULA FATI: <a href=\"http:\/\/www.edizionitabulafati.it\/ildiodeldolore.htm\"> http:\/\/www.edizionitabulafati.it\/ildiodeldolore.htm<\/a><\/span><\/p>\n<p style=\"text-align: justify;\"><img loading=\"lazy\" decoding=\"async\" class=\"wp-image-95 aligncenter\" src=\"http:\/\/www.francescobrandoli.eu\/wp-content\/uploads\/2016\/03\/dio-dolore-nerozzi-2-300x113.jpg\" alt=\"dio dolore nerozzi 2\" width=\"512\" height=\"193\" srcset=\"http:\/\/www.francescobrandoli.eu\/wp-content\/uploads\/2016\/03\/dio-dolore-nerozzi-2-300x113.jpg 300w, http:\/\/www.francescobrandoli.eu\/wp-content\/uploads\/2016\/03\/dio-dolore-nerozzi-2-768x289.jpg 768w, http:\/\/www.francescobrandoli.eu\/wp-content\/uploads\/2016\/03\/dio-dolore-nerozzi-2.jpg 821w\" sizes=\"(max-width: 512px) 100vw, 512px\" \/><\/p>\n<p class=\"style8\" style=\"text-align: justify;\" align=\"right\"><strong><span class=\"auto-style2\">Il romanzo \u00e8 VINCITORE (<\/span><\/strong><strong><span class=\"auto-style2\">primo premio) sezione \u201cROMANZO FANTASY\u201d <\/span><\/strong><strong><span class=\"auto-style2\">della Prima Edizione del Premio Nazionale di Letteratura \u201cLe figure della parola\u201d<\/span><\/strong><\/p>\n<p class=\"style8\" style=\"text-align: justify;\" align=\"right\"><img loading=\"lazy\" decoding=\"async\" class=\"size-medium wp-image-422 aligncenter\" src=\"http:\/\/www.francescobrandoli.eu\/wp-content\/uploads\/2016\/03\/FIGURE-PAROLA-300x300.jpg\" alt=\"FIGURE PAROLA\" width=\"300\" height=\"300\" srcset=\"http:\/\/www.francescobrandoli.eu\/wp-content\/uploads\/2016\/03\/FIGURE-PAROLA-300x300.jpg 300w, http:\/\/www.francescobrandoli.eu\/wp-content\/uploads\/2016\/03\/FIGURE-PAROLA-150x150.jpg 150w, http:\/\/www.francescobrandoli.eu\/wp-content\/uploads\/2016\/03\/FIGURE-PAROLA.jpg 513w\" sizes=\"(max-width: 300px) 100vw, 300px\" \/><\/p>\n<p class=\"style8\" style=\"text-align: justify;\" align=\"right\"><strong><span class=\"auto-style2\">Il romanzo \u00e8 stato finalista (4o posto &#8211; pari merito con Diploma d&#8217;Onore) alla IX Ed. del premio Letterario<\/span> <a href=\"http:\/\/www.premiogiovaneholden.it\/\">Giovane Holden<\/a><\/strong><\/p>\n<div id='gallery-1' class='gallery galleryid-75 gallery-columns-3 gallery-size-thumbnail'><figure class='gallery-item'>\n\t\t\t<div class='gallery-icon portrait'>\n\t\t\t\t<a href='http:\/\/www.francescobrandoli.eu\/wp-content\/uploads\/2016\/03\/Io-holden-blu.jpg'><img loading=\"lazy\" decoding=\"async\" width=\"150\" height=\"150\" src=\"http:\/\/www.francescobrandoli.eu\/wp-content\/uploads\/2016\/03\/Io-holden-blu-150x150.jpg\" class=\"attachment-thumbnail size-thumbnail\" alt=\"\" \/><\/a>\n\t\t\t<\/div><\/figure><figure class='gallery-item'>\n\t\t\t<div class='gallery-icon landscape'>\n\t\t\t\t<a href='http:\/\/www.francescobrandoli.eu\/wp-content\/uploads\/2016\/03\/Diploma-donore-Giovane-Holden-Dio-dolore.jpg'><img loading=\"lazy\" decoding=\"async\" width=\"150\" height=\"150\" src=\"http:\/\/www.francescobrandoli.eu\/wp-content\/uploads\/2016\/03\/Diploma-donore-Giovane-Holden-Dio-dolore-150x150.jpg\" class=\"attachment-thumbnail size-thumbnail\" alt=\"\" \/><\/a>\n\t\t\t<\/div><\/figure><figure class='gallery-item'>\n\t\t\t<div class='gallery-icon landscape'>\n\t\t\t\t<a href='http:\/\/www.francescobrandoli.eu\/wp-content\/uploads\/2016\/03\/io-holden.jpg'><img loading=\"lazy\" decoding=\"async\" width=\"150\" height=\"150\" src=\"http:\/\/www.francescobrandoli.eu\/wp-content\/uploads\/2016\/03\/io-holden-150x150.jpg\" class=\"attachment-thumbnail size-thumbnail\" alt=\"\" srcset=\"http:\/\/www.francescobrandoli.eu\/wp-content\/uploads\/2016\/03\/io-holden-150x150.jpg 150w, http:\/\/www.francescobrandoli.eu\/wp-content\/uploads\/2016\/03\/io-holden-300x300.jpg 300w, http:\/\/www.francescobrandoli.eu\/wp-content\/uploads\/2016\/03\/io-holden.jpg 747w\" sizes=\"(max-width: 150px) 100vw, 150px\" \/><\/a>\n\t\t\t<\/div><\/figure>\n\t\t<\/div>\n\n<p style=\"text-align: center;\">Ha ricevuto menzione nelle seguenti rassegne:<\/p>\n<p style=\"text-align: justify;\"><img loading=\"lazy\" decoding=\"async\" class=\"size-medium wp-image-94 aligncenter\" src=\"http:\/\/www.francescobrandoli.eu\/wp-content\/uploads\/2016\/03\/20151210_163214-300x169.jpg\" alt=\"20151210_163214\" width=\"300\" height=\"169\" srcset=\"http:\/\/www.francescobrandoli.eu\/wp-content\/uploads\/2016\/03\/20151210_163214-300x169.jpg 300w, http:\/\/www.francescobrandoli.eu\/wp-content\/uploads\/2016\/03\/20151210_163214-768x432.jpg 768w, http:\/\/www.francescobrandoli.eu\/wp-content\/uploads\/2016\/03\/20151210_163214-1024x576.jpg 1024w\" sizes=\"(max-width: 300px) 100vw, 300px\" \/><\/p>\n<p style=\"text-align: center;\">&#8220;Accademia Res Aulica&#8221;<\/p>\n<div id='gallery-2' class='gallery galleryid-75 gallery-columns-3 gallery-size-thumbnail'><figure class='gallery-item'>\n\t\t\t<div class='gallery-icon landscape'>\n\t\t\t\t<a href='http:\/\/www.francescobrandoli.eu\/wp-content\/uploads\/2016\/03\/MG_9049.jpg'><img loading=\"lazy\" decoding=\"async\" width=\"150\" height=\"150\" src=\"http:\/\/www.francescobrandoli.eu\/wp-content\/uploads\/2016\/03\/MG_9049-150x150.jpg\" class=\"attachment-thumbnail size-thumbnail\" alt=\"\" \/><\/a>\n\t\t\t<\/div><\/figure><figure class='gallery-item'>\n\t\t\t<div class='gallery-icon portrait'>\n\t\t\t\t<a href='http:\/\/www.francescobrandoli.eu\/wp-content\/uploads\/2016\/03\/scrittori-con-gusto-14.11.15.jpg'><img loading=\"lazy\" decoding=\"async\" width=\"150\" height=\"150\" src=\"http:\/\/www.francescobrandoli.eu\/wp-content\/uploads\/2016\/03\/scrittori-con-gusto-14.11.15-150x150.jpg\" class=\"attachment-thumbnail size-thumbnail\" alt=\"\" \/><\/a>\n\t\t\t<\/div><\/figure><figure class='gallery-item'>\n\t\t\t<div class='gallery-icon landscape'>\n\t\t\t\t<a href='http:\/\/www.francescobrandoli.eu\/wp-content\/uploads\/2016\/03\/MG_9047.jpg'><img loading=\"lazy\" decoding=\"async\" width=\"150\" height=\"150\" src=\"http:\/\/www.francescobrandoli.eu\/wp-content\/uploads\/2016\/03\/MG_9047-150x150.jpg\" class=\"attachment-thumbnail size-thumbnail\" alt=\"\" \/><\/a>\n\t\t\t<\/div><\/figure>\n\t\t<\/div>\n\n<p style=\"text-align: center;\">&#8220;I mercoled\u00ec della Torre&#8221;<\/p>\n<p style=\"text-align: justify;\"><img loading=\"lazy\" decoding=\"async\" class=\"aligncenter\" src=\"http:\/\/www.radiobruno.it\/wp-content\/uploads\/2015\/06\/Il_Dio_del_dolore-GRANDE.jpg\" alt=\"\" width=\"267\" height=\"377\" \/><\/p>\n<p class=\"style5\" style=\"text-align: left;\"><span style=\"font-family: Verdana; font-size: medium;\"> <strong><span class=\"auto-style1\">RECENSIONI<\/span><\/strong>:<\/span><\/p>\n<blockquote>\n<p style=\"text-align: justify;\">&#8220;<em>A volte leggi un libro, trovi ci\u00f2 che ti aspettavi e rimani deluso. A volte leggi un libro, non trovi ci\u00f2 che ti aspettavi e ne sei piacevolmente sorpreso. In questo caso \u00e8 buona la seconda. Non \u00e8 un fantasy nel senso stretto del termine. Tuttavia, rientra a pieno titolo nel genere fantastico. \u00c8 una sorta di favola per adulti, ambientata su un mondo che non \u00e8 di questo mondo, ma che a questo mondo ha molto da mostrare e molto da insegnare. Le vicende coinvolgono e contrappong<span class=\"text_exposed_show\">ono umani e divini: sostenuti da sentimenti e valori di tale levatura da trascendere la loro umanit\u00e0, i primi; animati da tratti e comportamenti che sono quanto di pi\u00f9 lontano dal concetto stesso di divinit\u00e0, i secondi. <\/span>Un pantheon di figure delineate con grande nitore, raccontate attraverso una prosa fluida e scorrevole, avvalendosi di un linguaggio che ben si adatta al ruolo di ciascun personaggio. Come ogni favola, anche questa ha una morale, che permea l&#8217;intera storia, ma che emerge a poco a poco. Finch\u00e9, dopo aver letto l&#8217;ultima pagina, non si pu\u00f2 che giungere alla necessaria conclusione. \u00c8 vero, \u00e8 cos\u00ec che vanno le cose. O perlomeno, \u00e8 cos\u00ec che dovrebbero andare<\/em>.&#8221; (Commento dell&#8217;amico scrittore Vittorio Piccirillo)<\/p>\n<\/blockquote>\n<p class=\"style5\" style=\"text-align: center;\"><img loading=\"lazy\" decoding=\"async\" class=\"size-medium wp-image-111 alignleft\" src=\"http:\/\/www.francescobrandoli.eu\/wp-content\/uploads\/2016\/03\/truefantasy-300x75.png\" alt=\"truefantasy\" width=\"300\" height=\"75\" srcset=\"http:\/\/www.francescobrandoli.eu\/wp-content\/uploads\/2016\/03\/truefantasy-300x75.png 300w, http:\/\/www.francescobrandoli.eu\/wp-content\/uploads\/2016\/03\/truefantasy-768x192.png 768w, http:\/\/www.francescobrandoli.eu\/wp-content\/uploads\/2016\/03\/truefantasy.png 1000w\" sizes=\"(max-width: 300px) 100vw, 300px\" \/><\/p>\n<p>http:\/\/truefantasy.altervista.org\/recensione-il-dio-del-dolore-di-francesco-brandoli\/<\/p>\n<p><a href=\"http:\/\/www.fantasymagazine.it\/24982\/il-dio-del-dolore\"><img loading=\"lazy\" decoding=\"async\" class=\"alignnone size-medium wp-image-379\" src=\"http:\/\/www.francescobrandoli.eu\/wp-content\/uploads\/2016\/03\/fantasy-magazine-300x91.jpg\" alt=\"fantasy magazine\" width=\"300\" height=\"91\" srcset=\"http:\/\/www.francescobrandoli.eu\/wp-content\/uploads\/2016\/03\/fantasy-magazine-300x91.jpg 300w, http:\/\/www.francescobrandoli.eu\/wp-content\/uploads\/2016\/03\/fantasy-magazine.jpg 442w\" sizes=\"(max-width: 300px) 100vw, 300px\" \/><\/a><\/p>\n<p><a href=\"http:\/\/www.fantasymagazine.it\/24982\/il-dio-del-dolore\">http:\/\/www.fantasymagazine.it\/24982\/il-dio-del-dolore <\/a><\/p>\n<p><img loading=\"lazy\" decoding=\"async\" class=\"wp-image-107 size-medium alignleft\" src=\"http:\/\/www.francescobrandoli.eu\/wp-content\/uploads\/2016\/03\/rivista-una-specie-300x58.png\" alt=\"rivista una specie\" width=\"300\" height=\"58\" srcset=\"http:\/\/www.francescobrandoli.eu\/wp-content\/uploads\/2016\/03\/rivista-una-specie-300x58.png 300w, http:\/\/www.francescobrandoli.eu\/wp-content\/uploads\/2016\/03\/rivista-una-specie-768x147.png 768w, http:\/\/www.francescobrandoli.eu\/wp-content\/uploads\/2016\/03\/rivista-una-specie-1024x197.png 1024w, http:\/\/www.francescobrandoli.eu\/wp-content\/uploads\/2016\/03\/rivista-una-specie.png 1042w\" sizes=\"(max-width: 300px) 100vw, 300px\" \/><\/p>\n<p>http:\/\/www.rivistaunaspecie.com\/recensione-dio-dolore-francesco-brandoli\/<\/p>\n<p style=\"text-align: justify;\"><a href=\"http:\/\/www.letazzinediyoko.it\/recensione-il-dio-del-dolore-francesco-brandoli\/\"><img loading=\"lazy\" decoding=\"async\" class=\"alignnone size-full wp-image-420\" src=\"http:\/\/www.francescobrandoli.eu\/wp-content\/uploads\/2016\/03\/yoko.jpg\" alt=\"yoko\" width=\"264\" height=\"137\" \/><\/a><\/p>\n<p><a href=\"http:\/\/www.letazzinediyoko.it\/recensione-il-dio-del-dolore-francesco-brandoli\/\">http:\/\/www.letazzinediyoko.it\/recensione-il-dio-del-dolore-francesco-brandoli\/<\/a><\/p>\n<p style=\"text-align: justify;\"><a href=\"http:\/\/www.barbadillo.it\/39389-libri-il-dio-del-dolore-di-brandoli-heroic-fantasy-partenone\/?fb_action_ids=10153221026758069&amp;fb_action_types=og.shares\"><img loading=\"lazy\" decoding=\"async\" class=\"alignnone size-medium wp-image-110\" src=\"http:\/\/www.francescobrandoli.eu\/wp-content\/uploads\/2016\/03\/barbadillo-300x74.jpg\" alt=\"barbadillo\" width=\"300\" height=\"74\" srcset=\"http:\/\/www.francescobrandoli.eu\/wp-content\/uploads\/2016\/03\/barbadillo-300x74.jpg 300w, http:\/\/www.francescobrandoli.eu\/wp-content\/uploads\/2016\/03\/barbadillo.jpg 433w\" sizes=\"(max-width: 300px) 100vw, 300px\" \/><\/a><\/p>\n<p style=\"text-align: justify;\"><a href=\"http:\/\/www.barbadillo.it\/39389-libri-il-dio-del-dolore-di-brandoli-heroic-fantasy-partenone\/?fb_action_ids=10153221026758069&amp;fb_action_types=og.shares\">http:\/\/www.barbadillo.it\/39389-libri-il-dio-del-dolore-di-brandoli-heroic-fantasy-partenone\/?fb_action_ids=10153221026758069&amp;fb_action_types=og.shares<\/a><\/p>\n<p style=\"text-align: center;\"><b><span style=\"font-family: Verdana,Arial;\"><span style=\"font-family: Verdana; font-size: medium;\">Acquista questo libro:\u00a0<\/span><\/span><\/b><\/p>\n<p style=\"text-align: center;\"><a href=\"http:\/\/www.mondadoristore.it\/Il-Dio-del-dolore-Francesco-Brandoli\/eai978887475384\/\"><img loading=\"lazy\" decoding=\"async\" class=\"alignnone size-medium wp-image-115\" src=\"http:\/\/www.francescobrandoli.eu\/wp-content\/uploads\/2016\/03\/logo-inmondadori.jpg\" alt=\"logo inmondadori\" width=\"290\" height=\"61\" \/><\/a><\/p>\n<p style=\"text-align: center;\"><a href=\"http:\/\/www.mondadoristore.it\/Il-Dio-del-dolore-Francesco-Brandoli\/eai978887475384\/\">http:\/\/www.mondadoristore.it\/Il-Dio-del-dolore-Francesco-Brandoli\/eai978887475384\/<\/a><\/p>\n<p style=\"text-align: center;\"><img loading=\"lazy\" decoding=\"async\" class=\"alignnone wp-image-112\" src=\"http:\/\/www.francescobrandoli.eu\/wp-content\/uploads\/2016\/03\/Logo-Amazon-300x168.jpg\" alt=\"Logo Amazon\" width=\"189\" height=\"106\" \/><\/p>\n<p style=\"text-align: center;\"><a href=\"http:\/\/www.ibs.it\/code\/9788874753840\/brandoli-francesco\/dio-del-dolore.html\">http:\/\/www.amazon.it\/Dio-del-dolore-Francesco-Brandoli\/dp\/8874753845\/ref=sr_1_1?s=books&amp;ie=UTF8&amp;qid=1412624248&amp;sr=1-1&amp;keywords=il+dio+del+dolore+brandoli<\/a><\/p>\n<p style=\"text-align: center;\">\u00a0 <img loading=\"lazy\" decoding=\"async\" class=\"alignnone size-medium wp-image-114\" src=\"http:\/\/www.francescobrandoli.eu\/wp-content\/uploads\/2016\/03\/logo-ibs.jpg\" alt=\"logo ibs\" width=\"200\" height=\"124\" \/><\/p>\n<p style=\"text-align: center;\"><a href=\"http:\/\/www.ibs.it\/code\/9788874753840\/brandoli-francesco\/dio-del-dolore.html\">http:\/\/www.ibs.it\/code\/9788874753840\/brandoli-francesco\/dio-del-dolore.html<\/a><\/p>\n<p style=\"text-align: center;\">\u00a0<img loading=\"lazy\" decoding=\"async\" class=\"alignnone size-medium wp-image-113\" src=\"http:\/\/www.francescobrandoli.eu\/wp-content\/uploads\/2016\/03\/Logo-feltrinelli-300x91.jpg\" alt=\"Logo feltrinelli\" width=\"300\" height=\"91\" srcset=\"http:\/\/www.francescobrandoli.eu\/wp-content\/uploads\/2016\/03\/Logo-feltrinelli-300x91.jpg 300w, http:\/\/www.francescobrandoli.eu\/wp-content\/uploads\/2016\/03\/Logo-feltrinelli.jpg 433w\" sizes=\"(max-width: 300px) 100vw, 300px\" \/><\/p>\n<p style=\"text-align: center;\"><a href=\"http:\/\/www.lafeltrinelli.it\/libri\/brandoli-francesco\/dio-dolore\/9788874753840\">http:\/\/www.lafeltrinelli.it\/libri\/brandoli-francesco\/dio-dolore\/9788874753840<\/a><\/p>\n<p style=\"text-align: center;\" align=\"justify\"><span style=\"font-family: Verdana; font-size: x-large;\">&#8220;IL DIO DEL DOLORE&#8221;<\/span><\/p>\n<p style=\"text-align: center;\" align=\"justify\"><span style=\"font-family: Verdana;\">Collana <i> Minas Tirith (n. 4)<\/i><\/span><\/p>\n<p style=\"text-align: center;\" align=\"justify\"><span style=\"font-family: Verdana;\"><span style=\"font-size: medium;\">Ed. Tabula Fati, Chieti (TE), Settembre 2014<\/span><\/span><\/p>\n<p style=\"text-align: center;\" align=\"justify\"><span style=\"font-family: Verdana;\"><span style=\"font-size: medium;\">Vol. Unico di 176 pagg., \u20ac 14,00.<\/span><\/span><\/p>\n<p class=\"style2\" style=\"text-align: center;\"><span style=\"font-family: Verdana,Arial;\"><span style=\"font-size: medium;\">Romanzo Fantasy. [Copertina di Vincenzo Bosica]<\/span><\/span><\/p>\n<p class=\"style2\" style=\"text-align: center;\"><span style=\"font-family: Verdana,Arial;\"><b>[ISBN-978-88-7475-384-0]<\/b><\/span><\/p>\n","protected":false},"excerpt":{"rendered":"<div style=\"padding-bottom:20px; padding-top:10px;\" class=\"hupso-share-buttons\"><!-- Hupso Share Buttons - https:\/\/www.hupso.com\/share\/ --><a class=\"hupso_counters\" href=\"https:\/\/www.hupso.com\/share\/\"><img src=\"http:\/\/static.hupso.com\/share\/buttons\/share-small.png\" style=\"border:0px; padding-top:2px; float:left;\" alt=\"Share Button\"\/><\/a><script type=\"text\/javascript\">var hupso_services_c=new Array(\"twitter\",\"facebook_like\",\"facebook_send\",\"google\",\"pinterest\",\"email\",\"print\");var hupso_counters_lang = \"en_US\";var hupso_image_folder_url = \"http:\/\/www.francescobrandoli.eu\/wp-content\/plugins\/hupso-share-buttons-for-twitter-facebook-google\/img\/services\/\";var hupso_url_c=\"\";var hupso_title_c=\"Il Dio del dolore\";<\/script><script type=\"text\/javascript\" src=\"http:\/\/static.hupso.com\/share\/js\/counters.js\"><\/script><!-- Hupso Share Buttons --><\/div><p>\u00a0\u00a0\u00a0\u00a0\u00a0\u00a0\u00a0\u00a0\u00a0\u00a0\u00a0\u00a0\u00a0\u00a0\u00a0\u00a0\u00a0\u00a0\u00a0\u00a0\u00a0\u00a0\u00a0\u00a0\u00a0\u00a0\u00a0 SINOSSI: Esiste un dio creatore di tutte le storie, di tutti gli altri dei e anche del giovane Ashioka, Dio del Dolore e della Morte, da sempre tormentato sulla natura del proprio ruolo nell\u2019Universo. Nel cosmo che Ashioka ha il compito di sorvegliare affinch\u00e9 l\u2019equilibrio resti inalterato, esiste un pianeta rosso, Amhambara, desertico e [&hellip;]<\/p>\n","protected":false},"author":1,"featured_media":0,"parent":150,"menu_order":0,"comment_status":"closed","ping_status":"closed","template":"","meta":{"footnotes":""},"_links":{"self":[{"href":"http:\/\/www.francescobrandoli.eu\/index.php\/wp-json\/wp\/v2\/pages\/75"}],"collection":[{"href":"http:\/\/www.francescobrandoli.eu\/index.php\/wp-json\/wp\/v2\/pages"}],"about":[{"href":"http:\/\/www.francescobrandoli.eu\/index.php\/wp-json\/wp\/v2\/types\/page"}],"author":[{"embeddable":true,"href":"http:\/\/www.francescobrandoli.eu\/index.php\/wp-json\/wp\/v2\/users\/1"}],"replies":[{"embeddable":true,"href":"http:\/\/www.francescobrandoli.eu\/index.php\/wp-json\/wp\/v2\/comments?post=75"}],"version-history":[{"count":29,"href":"http:\/\/www.francescobrandoli.eu\/index.php\/wp-json\/wp\/v2\/pages\/75\/revisions"}],"predecessor-version":[{"id":423,"href":"http:\/\/www.francescobrandoli.eu\/index.php\/wp-json\/wp\/v2\/pages\/75\/revisions\/423"}],"up":[{"embeddable":true,"href":"http:\/\/www.francescobrandoli.eu\/index.php\/wp-json\/wp\/v2\/pages\/150"}],"wp:attachment":[{"href":"http:\/\/www.francescobrandoli.eu\/index.php\/wp-json\/wp\/v2\/media?parent=75"}],"curies":[{"name":"wp","href":"https:\/\/api.w.org\/{rel}","templated":true}]}}