{"id":1226,"date":"2024-06-26T17:28:53","date_gmt":"2024-06-26T15:28:53","guid":{"rendered":"https:\/\/www.francescobrandoli.eu\/?page_id=1226"},"modified":"2024-06-26T17:43:31","modified_gmt":"2024-06-26T15:43:31","slug":"biografia-di-william-hope-hodgson-in-carnacki-lindagatore-dellocculto","status":"publish","type":"page","link":"https:\/\/www.francescobrandoli.eu\/index.php\/biografia-di-william-hope-hodgson-in-carnacki-lindagatore-dellocculto\/","title":{"rendered":"&#8220;Biografia di William Hope Hodgson&#8221;: in\u00a0Carnacki. L&#8217;indagatore dell&#8217;occulto"},"content":{"rendered":"<div style=\"padding-bottom:20px; padding-top:10px;\" class=\"hupso-share-buttons\"><!-- Hupso Share Buttons - https:\/\/www.hupso.com\/share\/ --><a class=\"hupso_counters\" href=\"https:\/\/www.hupso.com\/share\/\"><img decoding=\"async\" src=\"https:\/\/static.hupso.com\/share\/buttons\/share-small.png\" style=\"border:0px; padding-top:2px; float:left;\" alt=\"Share Button\"\/><\/a><script type=\"text\/javascript\">var hupso_services_c=new Array(\"twitter\",\"facebook_like\",\"facebook_send\",\"google\",\"pinterest\",\"email\",\"print\");var hupso_counters_lang = \"en_US\";var hupso_image_folder_url = \"http:\/\/www.francescobrandoli.eu\/wp-content\/plugins\/hupso-share-buttons-for-twitter-facebook-google\/img\/services\/\";var hupso_url_c=\"\";var hupso_title_c=\"&quot;Biografia di William Hope Hodgson&quot;: in\u00a0Carnacki. L&#039;indagatore dell&#039;occulto\";<\/script><script type=\"text\/javascript\" src=\"https:\/\/static.hupso.com\/share\/js\/counters.js\"><\/script><!-- Hupso Share Buttons --><\/div><div class=\"wp-block-image\">\n<figure class=\"aligncenter size-full is-resized\"><img loading=\"lazy\" decoding=\"async\" width=\"505\" height=\"640\" src=\"https:\/\/www.francescobrandoli.eu\/wp-content\/uploads\/2024\/06\/image-1.png\" alt=\"\" class=\"wp-image-1229\" style=\"width:310px;height:auto\" srcset=\"https:\/\/www.francescobrandoli.eu\/wp-content\/uploads\/2024\/06\/image-1.png 505w, https:\/\/www.francescobrandoli.eu\/wp-content\/uploads\/2024\/06\/image-1-237x300.png 237w\" sizes=\"(max-width: 505px) 100vw, 505px\" \/><\/figure><\/div>\n\n\n<p>&#8220;Biografia di William Hope Hodgson&#8221;, in&nbsp;<em>Carnacki. L&#8217;indagatore dell&#8217;occulto <\/em>(di William Hope Hodgson; a cura di Gabriele Scalessa)<em>, Collana I tre sedili deserti n. 8<\/em>(diretta da Giuseppe Aguanno), Ed. il Palindromo, Palermo, Novembre 2023, pagg. 291-302. Articolo\/Saggio letterario. Con illustrazioni b\/n.<\/p>\n\n\n\n<p>A novembre 2023, \u00e8 uscita una nuova edizione dei racconti di Carnacki, il pi\u00f9 grande investigatore del paranormale, inventato da William Hope Hodgson, che \u00e8 forse il pi\u00f9 grande scrittore horror di tutti i tempi. Il volume contiene un mio contributo nella forma di una biografia dell&#8217;Autore. Per me \u00e8 un onore e un sommo piacere essere in un volume di Hodgson di questo livello. Di seguito, le info per l&#8217;acquisto presso l&#8217;editore <a href=\"https:\/\/www.facebook.com\/ilPalindromoedizioni?__cft__[0]=AZW2iQJjF02FPSlqtWow9E-JQWLTQtYlWKVDs9h68BtXGpCi7qFpVxeQs6gnm5OfMYY2UufulFBym1B1MzXwabnSk7Abnm6g5KYR-avmcf-5EA5mWt4jOkAkUlCQEOa5dBXugv2Esja5JxcCXMTXkYBVnOA0LCnt7Ze8KDcUFJsGTJZS7tKJuN9ktAhBFPU7FGU&amp;__tn__=-]K-R\">il Palindromo<\/a> e i dettagli del volume.<\/p>\n\n\n\n<p>&#8220;Carnacki. L&#8217;indagatore dell&#8217;occulto&#8221; di William Hope Hodgson, a cura di Gabriele Scalessa.<\/p>\n\n\n\n<p>Una nuova e ricca edizione per la collana palindroma I tre sedili deserti diretta da Giuseppe Aguanno.<\/p>\n\n\n\n<p>Il volume, oltre ai racconti proposti in nuove traduzioni accuratamente revisionate, presenta:<\/p>\n\n\n\n<p>&#8211; tutte le illustrazioni originali uscite su &#8220;The Idler&#8221;, la rivista che pubblic\u00f2 la maggior parte dei racconti negli anni &#8217;10 (credo finora in edite in Italia)<\/p>\n\n\n\n<p>&#8211; introduzione di Franco Pezzini<\/p>\n\n\n\n<p>&#8211; saggio d&#8217;approfondimento del curatore di questa edizione, Gabriele Scalessa<\/p>\n\n\n\n<p>&#8211; una nota biografica di Florence Briscoe, l&#8217;illustratrice, composta dal direttore della collana, Giuseppe Aguanno<\/p>\n\n\n\n<p>&#8211; una biografia di W.H. Hodgson redatta da Francesco Brandoli (appunto, il mio contributo)<\/p>\n\n\n\n<p>&#8211; una bibliografia italiana consigliata delle opere di Hodgson<\/p>\n\n\n\n<p>[cover del libro di Riccardo Stasi]<\/p>\n\n\n\n<p>Link al sito dell&#8217;editore: <a href=\"http:\/\/www.ilpalindromo.it\/edizioni\/carnacki-lindagatore-dellocculto\/\">http:\/\/www.ilpalindromo.it\/edizioni\/carnacki-lindagatore-dellocculto\/<\/a><\/p>\n\n\n\n<div class=\"wp-block-columns is-layout-flex wp-container-core-columns-is-layout-1 wp-block-columns-is-layout-flex\">\n<div class=\"wp-block-column is-layout-flow wp-block-column-is-layout-flow\" style=\"flex-basis:100%\">\n<figure class=\"wp-block-image size-large\"><img loading=\"lazy\" decoding=\"async\" width=\"1024\" height=\"405\" src=\"https:\/\/www.francescobrandoli.eu\/wp-content\/uploads\/2024\/06\/carnacki-2-1024x405.jpg\" alt=\"\" class=\"wp-image-1230\" srcset=\"https:\/\/www.francescobrandoli.eu\/wp-content\/uploads\/2024\/06\/carnacki-2-1024x405.jpg 1024w, https:\/\/www.francescobrandoli.eu\/wp-content\/uploads\/2024\/06\/carnacki-2-300x119.jpg 300w, https:\/\/www.francescobrandoli.eu\/wp-content\/uploads\/2024\/06\/carnacki-2-768x304.jpg 768w, https:\/\/www.francescobrandoli.eu\/wp-content\/uploads\/2024\/06\/carnacki-2-1536x608.jpg 1536w, https:\/\/www.francescobrandoli.eu\/wp-content\/uploads\/2024\/06\/carnacki-2-2048x811.jpg 2048w\" sizes=\"(max-width: 1024px) 100vw, 1024px\" \/><\/figure>\n<\/div>\n<\/div>\n\n\n<div class=\"wp-block-image\">\n<figure class=\"aligncenter size-large is-resized\"><img loading=\"lazy\" decoding=\"async\" width=\"825\" height=\"1024\" src=\"https:\/\/www.francescobrandoli.eu\/wp-content\/uploads\/2024\/06\/image-4-825x1024.png\" alt=\"\" class=\"wp-image-1236\" style=\"width:394px;height:auto\" srcset=\"https:\/\/www.francescobrandoli.eu\/wp-content\/uploads\/2024\/06\/image-4-825x1024.png 825w, https:\/\/www.francescobrandoli.eu\/wp-content\/uploads\/2024\/06\/image-4-242x300.png 242w, https:\/\/www.francescobrandoli.eu\/wp-content\/uploads\/2024\/06\/image-4-768x954.png 768w, https:\/\/www.francescobrandoli.eu\/wp-content\/uploads\/2024\/06\/image-4.png 1079w\" sizes=\"(max-width: 825px) 100vw, 825px\" \/><\/figure><\/div>\n\n<div class=\"wp-block-image\">\n<figure class=\"aligncenter size-large is-resized\"><img loading=\"lazy\" decoding=\"async\" width=\"819\" height=\"1024\" src=\"https:\/\/www.francescobrandoli.eu\/wp-content\/uploads\/2024\/06\/image-2-819x1024.png\" alt=\"\" class=\"wp-image-1231\" style=\"width:746px;height:auto\" srcset=\"https:\/\/www.francescobrandoli.eu\/wp-content\/uploads\/2024\/06\/image-2-819x1024.png 819w, https:\/\/www.francescobrandoli.eu\/wp-content\/uploads\/2024\/06\/image-2-240x300.png 240w, https:\/\/www.francescobrandoli.eu\/wp-content\/uploads\/2024\/06\/image-2-768x960.png 768w, https:\/\/www.francescobrandoli.eu\/wp-content\/uploads\/2024\/06\/image-2-1228x1536.png 1228w, https:\/\/www.francescobrandoli.eu\/wp-content\/uploads\/2024\/06\/image-2.png 1262w\" sizes=\"(max-width: 819px) 100vw, 819px\" \/><\/figure><\/div>","protected":false},"excerpt":{"rendered":"<div style=\"padding-bottom:20px; padding-top:10px;\" class=\"hupso-share-buttons\"><!-- Hupso Share Buttons - https:\/\/www.hupso.com\/share\/ --><a class=\"hupso_counters\" href=\"https:\/\/www.hupso.com\/share\/\"><img src=\"https:\/\/static.hupso.com\/share\/buttons\/share-small.png\" style=\"border:0px; padding-top:2px; float:left;\" alt=\"Share Button\"\/><\/a><script type=\"text\/javascript\">var hupso_services_c=new Array(\"twitter\",\"facebook_like\",\"facebook_send\",\"google\",\"pinterest\",\"email\",\"print\");var hupso_counters_lang = \"en_US\";var hupso_image_folder_url = \"http:\/\/www.francescobrandoli.eu\/wp-content\/plugins\/hupso-share-buttons-for-twitter-facebook-google\/img\/services\/\";var hupso_url_c=\"\";var hupso_title_c=\"&quot;Biografia di William Hope Hodgson&quot;: in\u00a0Carnacki. L&#039;indagatore dell&#039;occulto\";<\/script><script type=\"text\/javascript\" src=\"https:\/\/static.hupso.com\/share\/js\/counters.js\"><\/script><!-- Hupso Share Buttons --><\/div><p>&#8220;Biografia di William Hope Hodgson&#8221;, in&nbsp;Carnacki. L&#8217;indagatore dell&#8217;occulto (di William Hope Hodgson; a cura di Gabriele Scalessa), Collana I tre sedili deserti n. 8(diretta da Giuseppe Aguanno), Ed. il Palindromo, Palermo, Novembre 2023, pagg. 291-302. Articolo\/Saggio letterario. Con illustrazioni b\/n. A novembre 2023, \u00e8 uscita una nuova edizione dei racconti di Carnacki, il pi\u00f9 grande [&hellip;]<\/p>\n","protected":false},"author":1,"featured_media":1229,"parent":0,"menu_order":0,"comment_status":"open","ping_status":"closed","template":"","meta":{"footnotes":""},"_links":{"self":[{"href":"https:\/\/www.francescobrandoli.eu\/index.php\/wp-json\/wp\/v2\/pages\/1226"}],"collection":[{"href":"https:\/\/www.francescobrandoli.eu\/index.php\/wp-json\/wp\/v2\/pages"}],"about":[{"href":"https:\/\/www.francescobrandoli.eu\/index.php\/wp-json\/wp\/v2\/types\/page"}],"author":[{"embeddable":true,"href":"https:\/\/www.francescobrandoli.eu\/index.php\/wp-json\/wp\/v2\/users\/1"}],"replies":[{"embeddable":true,"href":"https:\/\/www.francescobrandoli.eu\/index.php\/wp-json\/wp\/v2\/comments?post=1226"}],"version-history":[{"count":2,"href":"https:\/\/www.francescobrandoli.eu\/index.php\/wp-json\/wp\/v2\/pages\/1226\/revisions"}],"predecessor-version":[{"id":1237,"href":"https:\/\/www.francescobrandoli.eu\/index.php\/wp-json\/wp\/v2\/pages\/1226\/revisions\/1237"}],"wp:featuredmedia":[{"embeddable":true,"href":"https:\/\/www.francescobrandoli.eu\/index.php\/wp-json\/wp\/v2\/media\/1229"}],"wp:attachment":[{"href":"https:\/\/www.francescobrandoli.eu\/index.php\/wp-json\/wp\/v2\/media?parent=1226"}],"curies":[{"name":"wp","href":"https:\/\/api.w.org\/{rel}","templated":true}]}}