{"id":164,"date":"2016-03-05T11:32:12","date_gmt":"2016-03-05T10:32:12","guid":{"rendered":"http:\/\/www.francescobrandoli.eu\/?page_id=164"},"modified":"2016-03-05T11:32:32","modified_gmt":"2016-03-05T10:32:32","slug":"la-grande-glaciazione-in-futuro-europa-n-47","status":"publish","type":"page","link":"https:\/\/www.francescobrandoli.eu\/index.php\/my-works-3\/racconti\/la-grande-glaciazione-in-futuro-europa-n-47\/","title":{"rendered":"&#8220;La grande glaciazione&#8221; in: FUTURO Europa, n. 47"},"content":{"rendered":"<div style=\"padding-bottom:20px; padding-top:10px;\" class=\"hupso-share-buttons\"><!-- Hupso Share Buttons - https:\/\/www.hupso.com\/share\/ --><a class=\"hupso_counters\" href=\"https:\/\/www.hupso.com\/share\/\"><img decoding=\"async\" src=\"https:\/\/static.hupso.com\/share\/buttons\/share-small.png\" style=\"border:0px; padding-top:2px; float:left;\" alt=\"Share Button\"\/><\/a><script type=\"text\/javascript\">var hupso_services_c=new Array(\"twitter\",\"facebook_like\",\"facebook_send\",\"google\",\"pinterest\",\"email\",\"print\");var hupso_counters_lang = \"en_US\";var hupso_image_folder_url = \"http:\/\/www.francescobrandoli.eu\/wp-content\/plugins\/hupso-share-buttons-for-twitter-facebook-google\/img\/services\/\";var hupso_url_c=\"\";var hupso_title_c=\"&quot;La grande glaciazione&quot; in: FUTURO Europa, n. 47\";<\/script><script type=\"text\/javascript\" src=\"https:\/\/static.hupso.com\/share\/js\/counters.js\"><\/script><!-- Hupso Share Buttons --><\/div><table border=\"0\" width=\"102%\" cellspacing=\"0\" cellpadding=\"0\" bgcolor=\"#FFFFFF\">\n<tbody>\n<tr>\n<td bgcolor=\"#FFFFFF\" width=\"37%\">\n<p align=\"justify\"><i><span style=\"font-family: Verdana; font-size: small;\">FUTURO Europa &#8211; <\/span><\/i><span style=\"font-family: Verdana; font-size: small;\"><i>Rassegna europea di Science Fiction, n. 47<\/i><\/span><\/p>\n<p align=\"justify\"><span style=\"font-family: Verdana; font-size: small;\">AA.VV. (a cura di Lino Aldani e Ugo Malaguti)<\/span><\/p>\n<p align=\"justify\"><span style=\"font-family: Verdana; font-size: small;\">Perseo Editrice, Bologna, Settembre-Dicembre 2006<\/span><\/p>\n<p align=\"justify\"><span style=\"font-family: Verdana; font-size: small;\">Pagine: 320<\/span><\/p>\n<p align=\"justify\"><span style=\"font-family: Verdana; font-size: small;\">Prezzo: \u20ac 15,00<\/span><\/p>\n<p align=\"justify\"><span style=\"font-family: Verdana; font-size: small;\">Acquistabile su:\u00a0<\/span><\/p>\n<p align=\"justify\"><a href=\"http:\/\/www.elaralibri.it\/cat\/fut\/fut-047.htm\"><span style=\"color: #0000ff; font-family: Verdana; font-size: small;\">http:\/\/www.elaralibri.it\/cat\/fut\/fut-047.htm<\/span><\/a><\/p>\n<p align=\"justify\"><span style=\"font-family: Verdana; font-size: small;\">Antologia di racconti, saggi e con un romanzo breve di genere fantascienza.<\/span><\/p>\n<p align=\"justify\"><span style=\"font-family: Verdana; font-size: small;\">Contenuti:<\/span><\/p>\n<\/td>\n<td width=\"73%\">\n<p align=\"center\"><img loading=\"lazy\" decoding=\"async\" class=\"alignnone size-full wp-image-33\" src=\"http:\/\/www.francescobrandoli.eu\/wp-content\/uploads\/2016\/03\/perseo-futuro_n_47.jpg\" alt=\"perseo-futuro_n_47\" width=\"192\" height=\"280\" \/><\/p>\n<\/td>\n<\/tr>\n<tr>\n<td valign=\"top\" width=\"50%\">\n<p align=\"center\"><b><span style=\"font-family: Verdana; font-size: small;\">SAGGISTICA<\/span><\/b><\/p>\n<\/td>\n<td valign=\"top\" width=\"50%\">\n<p align=\"center\"><b><span style=\"font-family: Verdana; font-size: small;\">ROMANZO<\/span><\/b><\/p>\n<\/td>\n<\/tr>\n<tr>\n<td valign=\"top\" width=\"40%\"><span style=\"font-family: Verdana; font-size: small;\">Editoriale<br \/>\n<i>Ha toccato!&#8230; No, non ha toccato. <\/i>di Carlo Agricoli<br \/>\n<i>Scuola, FS e circolari ministeriali <\/i>di Bruno Vitiello<br \/>\n<i>Te lo d\u00f2 io l&#8217;inedito 2 <\/i>di Giovanni Mongini<br \/>\n<i>Horro e fantastico a Udine <\/i>di Gianni Ursini<br \/>\n<i>Libri Usciti: 1960 <\/i>di Ernesto Vegetti<br \/>\n<i>Chi ha paura della Chiesa? <\/i>di Davide Ghezzo<br \/>\n<i>Speciale Fiuggi 2007 <\/i>di M.A. Miglieruolo e N. Salamone<br \/>\n<i>Recensioni<\/i><br \/>\nFUTURO risponde<\/span><\/td>\n<td valign=\"top\" width=\"60%\"><span style=\"font-family: Verdana; font-size: small;\"><i>Hanar! <\/i>di Barbara Signorini<\/span><\/p>\n<p>&nbsp;<\/p>\n<p><center><span style=\"font-family: Verdana; font-size: small;\"><b>RACCONTI<\/b><\/span><\/center><span style=\"font-family: Verdana; font-size: small;\"><br \/>\n<i>Snowglobes <\/i>di Debora Montanari<br \/>\n<i>Striscia la serpe&#8230; <\/i>di Donato Altomare<br \/>\n<i>La memoria della Terra <\/i>di Simona Ingrassia<br \/>\n<i>La sabbia di Gerusalemme <\/i>di Lorenzo Iacobellis<br \/>\n<i>La macchina tossica <\/i>di Sven Kl\u00f6pping<br \/>\n<i>Nella nebbia <\/i>di Davide Ghezzo<br \/>\n<i>Se mi chiamsssi Clemente <\/i>di Antonio Bellomi<br \/>\n<i>Liana <\/i>di Elisabetta Antichi<br \/>\n<i>Bella e l&#8217;orco <\/i>di Luciano Nardelli<br \/>\n<i>La verifica <\/i>di Massimo De Angelis<br \/>\n<i>Ritorno a Linden <\/i>di Luciano Radaelli<br \/>\n<i>Un nemico del popolo <\/i>di Pierfrancesco Prosperi<br \/>\n<i>La grande glaciazione <\/i>di Francesco Brandoli<br \/>\n<i>Venezia: ossessione <\/i>di Marzia Andreoni<br \/>\n<i>I pirati e il popolo del corallo <\/i>Pierre-Jean Brouillaud<br \/>\n<i>Nel vortice <\/i>Franco Piccinini<br \/>\n<i>Oikenskaten <\/i>di Nino Salamone<br \/>\n<i>Nelle grotte <\/i>di Roberto Fuiano<br \/>\n<i>Zero inclusioni <\/i>di Mauro Contini<\/span><\/td>\n<\/tr>\n<tr>\n<td colspan=\"2\" bgcolor=\"#FFFFFF\" width=\"110%\">\n<p align=\"justify\"><span style=\"font-family: Verdana; font-size: medium;\">Contiene il mio racconto di Fantastico: <\/span><span style=\"font-family: Verdana; font-size: large;\">&#8220;La grande glaciazione<\/span> <span style=\"font-family: Verdana; font-size: small;\">(pagg. da 215 a 219).<\/span><\/p>\n<p align=\"justify\"><span style=\"font-family: Verdana; font-size: small;\">Editoriale:<\/span><\/p>\n<p align=\"justify\"><span style=\"font-family: Verdana; font-size: small;\">\u00ab<\/span><span style=\"font-family: Verdana; font-size: small;\"> <i>Un altro numero <\/i>kolossal<i> di <\/i>Futuro Europa<i>, addirittura con venti pezzi narrativi e dieci saggistici, per un totale di trenta, cifra record per la rivista-libro. Numero uscito con ritardo, per le vicende legate alla ricostituzione della Perseo, uscita vittoriosa da una di quelle battaglie editoriali che avrebbero fatto tremare i polsi e alzare la bandiera della resa a forze ben superiori alla nostra. Ma quando si lavora seguendo la passione e l&#8217;amore per una letteratura, e noi amiamo la fantascienza, e credendo con fermezza in qualche ideale, e noi crediamo nel valore della fantascienza europea, riteniamo che in questo momento essa rappresenti un completamento (e a volte un&#8217;alternativa) validissima alle fantascienza pi\u00f9 antiche e tradizionali, prigioniere oggi delle reti commerciali e della mercificazione della produzione letteraria che possono portare dollari facili (e neanche questo \u00e8 vero per la stragrande maggioranza di chi segue l&#8217;illusione di sfondare in mercati commerciali sempre pi\u00f9 chiusi, costruiti e bloccati) ma tolgono creativit\u00e0, forza, originalit\u00e0. Doti che i nostri scrittori, e per nostri intendo quelli che vivono e lavorano nella vecchia Europa, crocevia di culture diverse e antiche, ma anche laboratorio dei fermenti pi\u00f9 innovativi e originali del nostro tempo, possiedono in grande quantit\u00e0.<br \/>\nAnche in questo numero dobbiamo cominciare con delle scuse, che comprendono anche la difficile selezione dell&#8217;altrettanto ponderoso e cospicuo <\/i>Futuro Europa<i> n. 48 che esce insieme a questo (con altre 320 fittissime pagine): gli <\/i>editors<i> hanno accettato e predisposto numerosi pezzi, tra i quali vorremmo segnalare un brillante e originale <\/i>pastiche<i> di Andrea Coco sui ristoranti dell&#8217;universo, la presentazione di un autore nuovo per queste pagine, Bruno Lazzari, con un trittico spaziale di notevole spessore, l&#8217;ultima fatica di Alessandro Fambrini, il cineracconto molto atteso de<\/i> L&#8217;astronave atomica del dottor Quatermass<i>: questi, e altri, slittano anche in questo caso al numero 49 (anche se il bravo Coco \u00e8 comunque presente nel prossimo numero con una vivacissima interpretazione del mondo dei videogiochi).<br \/>\nUna corposa discussione con il grande catalogatore delle fantascienze universali, Ernesto Vegetti, ha invece portato a un cambiamento nei programmi &#8220;bibliografici&#8221; che ci sembra pi\u00f9 utile e ragionevole di quanto avessimo ipotizzato. Il famoso <\/i>Catalogo Completo<i> di <\/i>Futuro Europa<i>, dal numero 27 in poi, avrebbe dovuto comparire in questo numero. E nessuno sospetti l&#8217;impareggiabile Vegetti di essere stato poco puntuale o addirittura in ritardo: questo non accade mai. Discutendo tra noi, invece, ci siamo posti alcuni problemi. I numeri arretrati di<\/i> Futuro <i>Europa sono ormai quasi tutti in esaurimento. Ormai dei numeri 1, 2 e 3, non ci sono pi\u00f9 copie di riserva, e chi li desidera \u00e8 costretto a complicate ricerche presso il frequentemente esoso e comunque mai facile mercato dei collezionisti e dell&#8217;usato. Il numero 26, quello che ospit\u00f2 il catalogo completo dei primi ventisei numeri, sta seguendo questo destino e presto non sar\u00e0 pi\u00f9 accessibile ai nuovi appassionati che, a legioni, si stanno avvicinando alla rivista.<br \/>\nPer di pi\u00f9, tra qualche mese, <\/i>Futuro Europa<i> \u00e8 attesa da un appuntamento a dir poco storico: il cinquantesimo numero. Pensare, tenendo tra le mani questo volume, a cosa significa per una fantascienza nazionale aver dato vita e mantenuto in essere una collana che deliberatamente esclude la fantascienza angloamericana, e aver raggiunto un obiettivo come i cinquanta volumi (che significano circa 12.000 fittissime pagine di racconti, romanzi, articoli, documentazioni) fa immediatamente comprendere come il cinquantesimo volume debba essere un evento a un tempo celebrativo e innovativo, un capitolo fondamentale nella storia della rivista.<br \/>\nBene. A noi gli eventi piacciono molto (anche perch\u00e9 spesso sono l&#8217;occasione per festeggiare, e festeggiare significa allegre riunioni di amici e amiche intorno a un tavolo imbandito e ricco di preziose bottiglie di quelle che il sempre amato Giles Habibula avrebbe definito &#8220;nettare prezioso&#8221; &#8211; e autori e critici di <\/i>Futuro Europa <i>magari a volte non sono eccezionali nelle tematiche fantascientifiche, ma quando si tratta di buona tavola e buone bevute sono infallibili) e cos\u00ec il cinquantesimo numero di <\/i>Futuro Europa <i>deve essere adeguatamente solennizzato.<br \/>\nPer farlo abbiamo in programma un supervolume di circa 400 pagine, 320 delle quali destinate a ospitare le nuove opere dei migliori autori apparsi su questa rivista nella sua storia &#8211; il guanto di sfida \u00e8 stato lanciato, gli autori hanno qualche mese a disposizione per scrivere il loro capolavoro e destinarlo a <\/i>Futuro<i> 50 &#8211; e 80, pagina pi\u00f9 o pagina meno, a ospitare il <\/i>Catalogo Completo<i> di <\/i>Futuro<i>, contenente cio\u00e8 <\/i>tutte<i> le opere narrative e saggistiche apparse nei cinquanta primi volumi della pubblicazione, e anche nei leggendari numeri della vecchia <\/i>Futuro<i> degli anni &#8217;60, quella fondata da Lino Aldani che ne tiene ancora saldamente il timone.<br \/>\nCos\u00ec il cinquantesimo volume di <\/i>Futuro<i> non sar\u00e0 soltanto un evento letterario di prim&#8217;ordine, ma anche un evento bibliografico prezioso per tutti coloro che vogliono orientarsi nel mare della fantascienza europea.<\/i><\/span><\/p>\n<p>Questo quarantasettesimo numero di Futuro<i> presenta in campo narrativo venti diversi scrittori, con una forte e qualificante presenza femminile. Il pezzo di apertura \u00e8 lo splendido <\/i>Hanar!<i> della giovane Barbara Signorini, una delle scrittrici che hanno esordito su questa rivista e che pi\u00f9 si sono affermate migliorando di storia in storia, fino a raggiungere un livello altissimo e a riscuotere grandi consensi tra i lettori. <\/i>Hanar!<i> \u00e8 il seguito de <\/i>Il mare giallo<i>, uno dei romanzi brevi pi\u00f9 apprezzati degli ultimi numeri.<br \/>\nA Barbara segue subito Debora Montanari, altra scoperta della nostra casa editrice, anche se gi\u00e0 nota per un&#8217;attivit\u00e0 di giornalista radiofonica ed esperta di cinema di tutto rispetto. Debora ha ottenuto grandi consensi con un romanzo che riscrive l&#8217;avventura fantastica tradizionale, <\/i>I draghi di Chrysos<i>, ma al suo arco ha molte frecce, e le sue opere sono assolutamente diverse tra loro, risentono di stati d&#8217;animo, di emozioni, di situazioni, che seguono soltanto l&#8217;ispirazione e quindi offrono una variet\u00e0 assolutamente notevole. Con il racconto presente in questo numero, Debora si occupa di un&#8217;apocalisse contorta e strana, con un tocco magistrale, proprio degno della sua classe.<br \/>\nTerza componente femminile, Simona Ingrassia, autrice del sud &#8211; terra feconda per gli scrittori di fantascienza &#8211; la cui fantascienza risente di una continua ricerca della soluzione dell&#8217;apparente conflitto tra l&#8217;umanit\u00e0 e l&#8217;ambiente. <\/i>La memoria della Terra<i> \u00e8 un futuribile ai limiti del cyber, ma la tematica caratteristica di Simona \u00e8 sempre l\u00ec, dominante.<br \/>\nQuarta ospite femminile di questo numero un&#8217;esordiente (uno dei due esordi e mezzo che <\/i>Futuro<i> ormai tiene a battesimo tradizionalmente sulle sue pagine), Elisabetta Antichi, vincitrice di un concorso <\/i>on line<i> al quale <\/i>Futuro<i> ha offerto sinergie per dare un&#8217;edizione in rivista ai vincitori. Altra storia di apocalisse, un&#8217;apocalisse provocata: ma soprattutto storia di sentimenti e nostalgie, semplice e accattivante come poche altre.<br \/>\nInfine, quinta ospite femminile di questo numero \u00e8 Marzia Andreoni, talentuosa scrittrice lucchese gi\u00e0 conosciuta ai lettori di <\/i>Futuro<i>. Una storia cristallina com&#8217;\u00e8 abitudine dell&#8217;autrice toscana, venata di horror e soprannaturale.<br \/>\nCaratteristiche queste che accomunano altre storie di un numero un po&#8217; fuori degli schemi (ma quando mai un numero di <\/i>Futuro<i> si compiace di stare entro gli schemi?) . Al campo del fantastico, con le connotazioni dell&#8217;incubo, appartiene anche <\/i>Striscia la serpe striscia, e morde<i>, del nostro impareggiabile Donato Altomare (vediamo se questa volta il premio Italia dove sempre arriva secondo lo premier\u00e0: sarebbe ora!), come pure <\/i>La sabbia di Gerusalemme<i> di un insolitamente drammatico ma efficacissimo Lorenzo Iacobellis. Incubi, leggende e fantasie anche per l&#8217;inquietante <\/i>Nella nebbia<i> di Davide Ghezzo <u><b><span style=\"color: #800000;\">e nel lirico <\/span><\/b><\/u><\/i><u><b><span style=\"color: #800000;\">La grande glaciazione<\/span><\/b><\/u><i><u><b><span style=\"color: #800000;\"> di Francesco Brandoli, sempre pi\u00f9 oscuro e introverso, ma anche sempre pi\u00f9 bravo.<\/span><\/b><\/u><br \/>\nNon mancano i grandi autori tradizionali della fantascienza italiana, alcuni dei quali ritornano su queste pagine dopo una lunga assenza. \u00c8 il caso di Pierfrancesco Prosperi, che ci propone una variazione sociologica sull&#8217;Italia futura di grande attualit\u00e0, di Luciano Radaelli, uno dei pochi epigoni di una <\/i>science fiction<i> tradizionale, quasi bradburiana, e di Luciano Nardelli, un amico scomparso che vogliamo ricordare con una delle sue irresistibili storie di avventura.<br \/>\nSven Kl\u00f6pping, giovane &#8220;arrabbiato&#8221; della sf tedesca, e Pierre-Jean Brouillaud, veterano abilissimo di quella francese, sono le presenze straniere di questo numero (nel prossimo ci saranno corpose rappresentanze europee, state tranquilli!), mentre Antonio Bellomi, Massimo De Angelis, Nino Salamone e Roberto Fuiano rappresentano gli scrittori tradizionali di <\/i>Futuro<i> (bellissimo il racconto di Salamone, che come narratore cresce a ogni prova; ma anche Massimo De Angelis, autore romano problematico e introverso, \u00e8 ormai una realt\u00e0 della quale la sf italiana deve tenere conto).<br \/>\nDue esordienti e mezzo, abbiamo detto. Elisabetta Antichi e il giovane bolognese Mauro Contini rappresentano le voci nuove ed emergenti di questo numero. Franco Piccinini \u00e8 anch&#8217;egli al suo esordio su <\/i>Futuro<i>, e sta vivendo una seconda giovinezza letteraria dopo un lungo silenzio. Ma in realt\u00e0 \u00e8 da molti anni un militante nel campo della fantascienza, apprezzato saggista e ottimo autore di racconti (esord\u00ec sulla prima e gloriosa <\/i>Robot<i> con <\/i>Ritorno a Liberia<i> che adesso ha trasformato in un romanzo che vedr\u00e0 presto la luce). Un &#8220;mezzo&#8221; esordio, quindi. Ma di gran razza.<br \/>\nRacconto o saggio, quello di Carlo Agricoli, irresistibile come sempre nel provocare dubbi e mettere in gioco la realt\u00e0? E il discorso di Miglieruolo a Fiuggi, con la risposta di Nino Salamone, non \u00e8 forse un momento cruciale nella fantascienza di oggi? E il cinema, l&#8217;interessante documentazione su una circolare ministeriale che ha ribaltato i rapporti tra sf e scuola, l&#8217;appassionato intervento di Davide Ghezzo, non fanno parte tutti di una pluralit\u00e0 di voci dalla quale deve nascere qualcosa di importante e nuovo?<br \/>\nTrovate voi stessi la risposta. Ecco a voi un numero variato, variegato e vario della vostra rivista. Buona lettura.<\/i><\/p>\n<p align=\"right\"><span style=\"font-family: Verdana; font-size: small;\">FUTURO Europa\u00bb<\/span><\/p>\n<p align=\"right\"><span style=\"font-family: Verdana; font-size: medium;\">Recensione su: <a href=\"http:\/\/www.fantascienza.com\/magazine\/notizie\/9910\/futuro-europa-ecco-il-numero-47\/\">fantascienza.com<\/a><\/span><\/p>\n<p align=\"right\"><span style=\"font-family: Verdana; font-size: medium;\">Link al sito Perseo Libri: <\/span><a href=\"http:\/\/www.perseolibri.it\/fut-47.html\"><span style=\"color: #0000ff; font-family: Verdana;\">http:\/\/www.perseolibri.it\/fut-47.htm<\/span><\/a><\/p>\n<p align=\"right\"><span style=\"font-family: Verdana; font-size: medium;\">Acquista questo libro: <\/span><span style=\"color: #0000ff; font-family: Verdana; font-size: medium;\"><a href=\"http:\/\/www.elaralibri.it\/cat\/fut\/fut-047.htm\">http:\/\/www.elaralibri.it\/cat\/fut\/fut-047.htm<\/a><\/span><\/p>\n<\/td>\n<\/tr>\n<\/tbody>\n<\/table>\n","protected":false},"excerpt":{"rendered":"<div style=\"padding-bottom:20px; padding-top:10px;\" class=\"hupso-share-buttons\"><!-- Hupso Share Buttons - https:\/\/www.hupso.com\/share\/ --><a class=\"hupso_counters\" href=\"https:\/\/www.hupso.com\/share\/\"><img src=\"https:\/\/static.hupso.com\/share\/buttons\/share-small.png\" style=\"border:0px; padding-top:2px; float:left;\" alt=\"Share Button\"\/><\/a><script type=\"text\/javascript\">var hupso_services_c=new Array(\"twitter\",\"facebook_like\",\"facebook_send\",\"google\",\"pinterest\",\"email\",\"print\");var hupso_counters_lang = \"en_US\";var hupso_image_folder_url = \"http:\/\/www.francescobrandoli.eu\/wp-content\/plugins\/hupso-share-buttons-for-twitter-facebook-google\/img\/services\/\";var hupso_url_c=\"\";var hupso_title_c=\"&quot;La grande glaciazione&quot; in: FUTURO Europa, n. 47\";<\/script><script type=\"text\/javascript\" src=\"https:\/\/static.hupso.com\/share\/js\/counters.js\"><\/script><!-- Hupso Share Buttons --><\/div><p>FUTURO Europa &#8211; Rassegna europea di Science Fiction, n. 47 AA.VV. (a cura di Lino Aldani e Ugo Malaguti) Perseo Editrice, Bologna, Settembre-Dicembre 2006 Pagine: 320 Prezzo: \u20ac 15,00 Acquistabile su:\u00a0 http:\/\/www.elaralibri.it\/cat\/fut\/fut-047.htm Antologia di racconti, saggi e con un romanzo breve di genere fantascienza. Contenuti: SAGGISTICA ROMANZO Editoriale Ha toccato!&#8230; No, non ha toccato. di [&hellip;]<\/p>\n","protected":false},"author":1,"featured_media":0,"parent":152,"menu_order":0,"comment_status":"closed","ping_status":"closed","template":"","meta":{"footnotes":""},"_links":{"self":[{"href":"https:\/\/www.francescobrandoli.eu\/index.php\/wp-json\/wp\/v2\/pages\/164"}],"collection":[{"href":"https:\/\/www.francescobrandoli.eu\/index.php\/wp-json\/wp\/v2\/pages"}],"about":[{"href":"https:\/\/www.francescobrandoli.eu\/index.php\/wp-json\/wp\/v2\/types\/page"}],"author":[{"embeddable":true,"href":"https:\/\/www.francescobrandoli.eu\/index.php\/wp-json\/wp\/v2\/users\/1"}],"replies":[{"embeddable":true,"href":"https:\/\/www.francescobrandoli.eu\/index.php\/wp-json\/wp\/v2\/comments?post=164"}],"version-history":[{"count":2,"href":"https:\/\/www.francescobrandoli.eu\/index.php\/wp-json\/wp\/v2\/pages\/164\/revisions"}],"predecessor-version":[{"id":166,"href":"https:\/\/www.francescobrandoli.eu\/index.php\/wp-json\/wp\/v2\/pages\/164\/revisions\/166"}],"up":[{"embeddable":true,"href":"https:\/\/www.francescobrandoli.eu\/index.php\/wp-json\/wp\/v2\/pages\/152"}],"wp:attachment":[{"href":"https:\/\/www.francescobrandoli.eu\/index.php\/wp-json\/wp\/v2\/media?parent=164"}],"curies":[{"name":"wp","href":"https:\/\/api.w.org\/{rel}","templated":true}]}}