{"id":63,"date":"2016-03-04T21:13:33","date_gmt":"2016-03-04T20:13:33","guid":{"rendered":"http:\/\/www.francescobrandoli.eu\/?page_id=63"},"modified":"2018-05-26T16:40:56","modified_gmt":"2018-05-26T14:40:56","slug":"cookie-law-info","status":"publish","type":"page","link":"https:\/\/www.francescobrandoli.eu\/index.php\/cookie-law-info\/","title":{"rendered":"Privacy &#038; Cookie Policy"},"content":{"rendered":"<div style=\"padding-bottom:20px; padding-top:10px;\" class=\"hupso-share-buttons\"><!-- Hupso Share Buttons - https:\/\/www.hupso.com\/share\/ --><a class=\"hupso_counters\" href=\"https:\/\/www.hupso.com\/share\/\"><img decoding=\"async\" src=\"https:\/\/static.hupso.com\/share\/buttons\/share-small.png\" style=\"border:0px; padding-top:2px; float:left;\" alt=\"Share Button\"\/><\/a><script type=\"text\/javascript\">var hupso_services_c=new Array(\"twitter\",\"facebook_like\",\"facebook_send\",\"google\",\"pinterest\",\"email\",\"print\");var hupso_counters_lang = \"en_US\";var hupso_image_folder_url = \"http:\/\/www.francescobrandoli.eu\/wp-content\/plugins\/hupso-share-buttons-for-twitter-facebook-google\/img\/services\/\";var hupso_url_c=\"\";var hupso_title_c=\"Privacy &amp; Cookie Policy\";<\/script><script type=\"text\/javascript\" src=\"https:\/\/static.hupso.com\/share\/js\/counters.js\"><\/script><!-- Hupso Share Buttons --><\/div><section id=\"sp-component-area-wrapper\" class=\" \">\n<div id=\"component-area\" class=\"row-fluid\">\n<div id=\"sp-component-area\" class=\"span12\">\n<section id=\"sp-component-wrapper\">\n<div id=\"sp-component\">\n<article class=\"item-page post-71 post hentry status-publish category-cookie-policy-templates \">\n<section class=\"entry-content\">\n<div class=\"well well-large\">\n<p><strong><u>Informativa ai sensi dell\u2019art. 13 del D. Lgs. 196\/2003\u00a0<\/u><\/strong><strong><u>e dell\u2019articolo 13 del Regolamento UE n. 2016\/679<\/u><\/strong><\/p>\n<p>Il presente sito \u00e8 una <span style=\"text-decoration: underline; color: #ff0000;\"><strong>pagina personale<\/strong><\/span> dello scrittore Francesco Brandoli e pertanto si ritiene che all&#8217;uso personale non si applichi il GDPR.<\/p>\n<p>Per la parte in cui questo sito entra in contatto con un potenziale numero indefinito di utenti, che non appare possibile identificare, si ritiene parimenti che non vi siano particolari rischi connessi al trattamento dei dati che, peraltro, non viene sostanzialmente effettuato in alcuna forma.<\/p>\n<p>Le sole parti del sito che possono trattare dati personali sono: 1. informazioni di pubblico dominio relative ad opere dell&#8217;ingegno di altri Autori (es. recensioni o segnalazioni); 2. l&#8217;area dei commenti, gestita tramite componenti di wordpress e google, a cui si fa riferimento per ogni evenienza. Si precisa che in ogni caso alcun tipo di dato \u00e8 raccolto o conservato al di fuori degli automatismi del sito internet (v. <em>infra<\/em> cookies).<\/p>\n<p>In ogni caso, il presente sito salvaguardia i diritti della privacy degli utenti e, pertanto, si precisa che ai sensi dell\u2019art. 13 del D. Lgs. 196\/2003 (di seguito \u201cCodice Privacy\u201d) e dell\u2019art. 13 del Regolamento UE n. 2016\/679 (di seguito \u201cGDPR 2016\/679\u201d), recante disposizioni a tutela delle persone e di altri soggetti rispetto al trattamento dei dati personali, desideriamo informarLa che i dati personali da Lei forniti formeranno oggetto di trattamento nel rispetto della normativa sopra richiamata e degli obblighi di riservatezza cui siamo tenuti.<\/p>\n<p><strong><u>Titolare del trattamento<\/u><\/strong><\/p>\n<p>Il Titolare del trattamento \u00e8 Francesco Brandoli, domiciliato in Bologna, Italia, che potete contattare alla mail <a href=\"mailto:francesco@francescobrandoli.eu\">francesco@francescobrandoli.eu<\/a><\/p>\n<p>Non \u00e8 previsto alcun responsabile della protezione dei dati (RPD \u2013 DPO).<\/p>\n<p><strong><u>Finalit\u00e0 del trattamento<\/u><\/strong><\/p>\n<p>I dati personali da Lei forniti sono necessari per i corretti adempimenti amministrativi e gestionali del sito o connessi ad altri obblighi previsti da norme di Legge o regolamenti e legati al servizio da Lei richiesto.<\/p>\n<p><span style=\"text-decoration: underline;\"><strong>Base giuridica del trattamento<\/strong><\/span><\/p>\n<p>Il Titolare\u00a0tratta i Suoi dati personali lecitamente, laddove il trattamento:<\/p>\n<ul>\n<li>sia necessario all\u2019esecuzione di un contratto di cui Lei \u00e8 parte;<\/li>\n<li>sia necessario per adempiere un obbligo legale;<\/li>\n<li>sia basato sul consenso espresso.<\/li>\n<\/ul>\n<p><strong><u>Modalit\u00e0 di trattamento e conservazione<\/u><\/strong><\/p>\n<p>Il trattamento sar\u00e0 svolto in forma automatizzata e\/o manuale, nel rispetto di quanto previsto dall\u2019art. 32 del GDPR 2016\/679 e dall\u2019Allegato B del D.Lgs. 196\/2003 (artt. 33-36 del Codice) in materia di misure di sicurezza, ad opera di soggetti appositamente incaricati e in ottemperanza a quanto previsto dagli art. 29 GDPR 2016\/ 679.<\/p>\n<p>Le segnaliamo che, nel rispetto dei principi di liceit\u00e0, limitazione delle finalit\u00e0 e minimizzazione dei dati, ai sensi dell\u2019art. 5 GDPR 2016\/679, previo il Suo consenso libero ed esplicito, i Suoi dati personali saranno conservati per il periodo di tempo necessario per il conseguimento delle finalit\u00e0 per le quali sono raccolti e trattati e cio\u00e8 per il pi\u00f9 breve tempo possibile.<\/p>\n<p><strong><u>Durata del trattamento<\/u><\/strong><\/p>\n<p>I Suoi dati saranno conservati per il tempo necessario all\u2019assolvimento di obblighi di legge.<\/p>\n<p>La conservazione di dati sar\u00e0 in ogni caso effettuata per il periodo pi\u00f9 breve possibile.<\/p>\n<p><strong><u>Categorie particolari di dati personali<\/u><\/strong><\/p>\n<p>Ai sensi degli articoli 26 e 27 del D.Lgs. 196\/2003 e degli articoli 9 e 10 del Regolamento UE n. 2016\/679,\u00a0si ritiene che per le finalit\u00e0 e i mezzi di questo sito personale, non saranno comunque da Lei\u00a0forniti particolari dati qualificabili come \u201ccategorie particolari di dati personali\u201d e cio\u00e8 quei dati che rivelano \u201c<em>l&#8217;origine razziale o etnica, le opinioni politiche, le convinzioni religiose o filosofiche, o l&#8217;appartenenza sindacale, nonch\u00e9 dati genetici, dati biometrici intesi a identificare in modo univoco una persona fisica, dati relativi alla salute o alla vita sessuale o all\u2019orientamento sessuale della persona<\/em>\u201d. <span style=\"text-decoration: underline;\"><strong>Tali categorie di dati <span style=\"color: #ff0000; text-decoration: underline;\">NON<\/span> sono oggetto di trattamento alcuno<\/strong><\/span>.<\/p>\n<p><strong><u>Rifiuto al conferimento dei dati<\/u><\/strong><\/p>\n<p>Il conferimento di dati personali comuni \u00e8 strettamente necessario ai fini dello svolgimento delle alle finalit\u00e0 del trattamento. L\u2019eventuale rifiuto da parte dell\u2019interessato di conferire dati personali, nel caso specifico, comporta l\u2019impossibilit\u00e0 di adempiere ai servizi richiesti.<\/p>\n<p><strong><u>Ambito di comunicazione e diffusione<\/u><\/strong><\/p>\n<p>Informiamo inoltre che i dati raccolti <strong><span style=\"color: #ff0000;\">non<\/span> <\/strong>saranno mai diffusi e <span style=\"text-decoration: underline;\"><strong>non saranno oggetto di comunicazione<\/strong><\/span> senza Suo esplicito consenso, salvo le comunicazioni necessarie che possono comportare il trasferimento di dati ad enti pubblici, a consulenti o ad altri soggetti per l\u2019adempimento degli obblighi di legge.<\/p>\n<p><strong><u>Trasferimento dei dati personali<\/u><\/strong><\/p>\n<p>I suoi dati non saranno trasferiti n\u00e9 in Stati membri dell\u2019Unione Europea n\u00e9 in Paesi terzi non appartenenti all\u2019Unione Europea.<\/p>\n<p><strong><u>Esistenza di un processo decisionale automatizzato, compresa la profilazione<\/u><\/strong><\/p>\n<p>Il\u00a0sito non adotta alcun processo decisionale automatizzato, compresa la profilazione, di cui all\u2019articolo 22, paragrafi 1 e 4, del Regolamento UE n. 679\/2016.<\/p>\n<p><strong><u>Diritti dell\u2019interessato<\/u><\/strong><\/p>\n<p>In ogni momento, Lei potr\u00e0 esercitare, ai sensi dell\u2019art. 7 del D.Lgs. 196\/2003 e degli articoli dal 15 al 22 del Regolamento UE n. 2016\/679, il diritto di:<\/p>\n<ol>\n<li>chiedere la conferma dell\u2019esistenza o meno di propri dati personali;<\/li>\n<li>ottenere le indicazioni circa le finalit\u00e0 del trattamento, le categorie dei dati personali, i destinatari o le categorie di destinatari a cui i dati personali sono stati o saranno comunicati e, quando possibile, il periodo di conservazione;<\/li>\n<li>ottenere la rettifica e la cancellazione dei dati;<\/li>\n<li>ottenere la limitazione del trattamento;<\/li>\n<li>ottenere la portabilit\u00e0 dei dati, ossia riceverli da un titolare del trattamento, in un formato strutturato, di uso comune e leggibile da dispositivo automatico, e trasmetterli ad un altro titolare del trattamento senza impedimenti;<\/li>\n<li>opporsi al trattamento in qualsiasi momento ed anche nel caso di trattamento per finalit\u00e0 di marketing diretto;<\/li>\n<li>opporsi ad un processo decisionale automatizzato relativo alle persone \ufb01siche, compresa la profilazione;<\/li>\n<li>chiedere al titolare del trattamento l\u2019accesso ai dati personali e la rettifica o la cancellazione degli stessi o la limitazione del trattamento che lo riguardano o di opporsi al loro trattamento, oltre al diritto alla portabilit\u00e0 dei dati;<\/li>\n<li>revocare il consenso in qualsiasi momento senza pregiudicare la liceit\u00e0 del trattamento basata sul consenso prestato prima della revoca;<\/li>\n<li>proporre reclamo a un\u2019autorit\u00e0 di controllo.<\/li>\n<\/ol>\n<p>Pu\u00f2 esercitare i Suoi diritti con richiesta scritta inviata a Francesco Brandoli, all&#8217;indirizzo mail <a href=\"mailto:francesco@francescobrandoli.eu\">francesco@francescobrandoli.eu<\/a><\/p>\n<h2>Cookies<\/h2>\n<p>Per far funzionare bene questo sito, a volte installiamo sul tuo dispositivo dei piccoli file di dati che si chiamano &#8220;cookies&#8221;. Anche la maggior parte dei grandi siti fanno lo stesso.<\/p>\n<h3>Cosa sono i cookies?<\/h3>\n<p>Un cookie \u00e8 un piccolo file di testo che i siti salvano sul tuo computer o dispositivo mobile mentre li visiti. Grazie ai cookies il sito ricorda le tue azioni e preferenze (per es. login, lingua, dimensioni dei caratteri e altre impostazioni di visualizzazione) in modo che tu non debba reinserirle quando torni sul sito o navighi da una pagina all&#8217;altra.<\/p>\n<h3>Come utilizziamo i cookies?<\/h3>\n<div class=\"alert\">\n<p>Questo sito \u00e8 creato in maniera amatoriale, non sono quindi utilizzati cookies al di fuori di quelli eventuali tecnici e funzionali al sito stesso per operare o correlati all&#8217;inserimento di terze parti nel sito.<\/p>\n<h3>Esempio:<\/h3>\n<div class=\"alert alert-info\">\n<p>In alcune pagine utilizziamo i cookies per ricordare:<\/p>\n<ul>\n<li>le preferenze di visualizzazione, per es. le impostazioni del contrasto o le dimensioni dei caratteri<\/li>\n<li>se hai gi\u00e0 risposto a un sondaggio pop-up sull&#8217;utilit\u00e0 dei contenuti trovati, per evitare di riproportelo<\/li>\n<li>se hai autorizzato l&#8217;uso dei cookies sul sito.<\/li>\n<\/ul>\n<p>Inoltre, alcuni video inseriti nelle nostre pagine utilizzano un cookie per elaborare statistiche, in modo anonimo, su come sei arrivato sulla pagina e quali video hai visto.<\/p>\n<p>Non \u00e8 necessario abilitare i cookies perch\u00e9 il sito funzioni, ma farlo migliora la navigazione. \u00c8 possibile cancellare o bloccare i cookies, per\u00f2 in questo caso alcune funzioni del sito potrebbero non funzionare correttamente.<\/p>\n<p>Le informazioni riguardanti i cookies non sono utilizzate per identificare gli utenti e i dati di navigazione restano sempre sotto il nostro controllo. Questi cookies servono esclusivamente per i fini qui descritti.<\/p>\n<\/div>\n<\/div>\n<h3>Come controllare i cookies?<\/h3>\n<p>Puoi controllare e\/o verificare i cookies come vuoi \u2013 per saperne di pi\u00f9, vai su <a href=\"http:\/\/www.aboutcookies.org\/\">aboutcookies.org<\/a>. Puoi cancellare i cookies gi\u00e0 presenti nel computer e impostare quasi tutti i browser in modo da bloccarne l&#8217;installazione. Se scegli questa opzione, dovrai per\u00f2 modificare manualmente alcune preferenze ogni volta che visiti il sito ed \u00e8 possibile che alcuni servizi o determinate funzioni non siano disponibili.<\/p>\n<p>&nbsp;<\/p>\n<p><strong>Facebook<\/strong><\/p>\n<p>Sul sito vengono usati cosiddetti social plugin, ovvero il plugin di facebook.com, gestito da Facebook. I plugin sono riconoscibili dal logo di Facebook o dal messaggio \u201cFacebook social plugin\u201d. Quando accedi a una delle pagine del nostro sito, che contiene questo plugin, il tuo browser si collega automaticamente ai server di Facebook. Il contenuto del plugin viene trasferito da Facebook al tuo browser, che lo collega al tuo sito. Attraverso questo collegamento Facebook rileva l&#8217;informazione che tu hai visitato quella pagina del nostro sito. Se hai un profilo su Facebook e clicchi sul bottone \u201cmi piace\u201d di Facebook sul nostro sito, le informazioni verranno direttamente registrate da Facebook. Puoi anche disattivare i plugin dal tuo browser per rendere impossibile il collegamento e la trasmissione di informazioni. Scopo e dimensioni della raccolta dei dati e della loro elaborazione, da parte di Facebook e i relativi diritti e impostazioni a difesa della tua sfera privata, sono consultabili direttamente nella dichiarazione sulla privacy di Facebook.<\/p>\n<p><strong>Per bloccare i cookies dal proprio browser<\/strong><\/p>\n<p><strong>Leggi le rispettive guide:<\/strong><\/p>\n<ul>\n<li><a href=\"https:\/\/support.google.com\/chrome\/answer\/95647?hl=eng\">Chrome<\/a><\/li>\n<li><a href=\"https:\/\/support.mozilla.org\/it\/kb\/Gestione%20dei%20cookie#w_impostazioni-dei-cookie\">Firefox<\/a><\/li>\n<li><a href=\"https:\/\/support.apple.com\/it-it\/HT201265\">Safari<\/a><\/li>\n<li><a href=\"http:\/\/windows.microsoft.com\/it-it\/windows-vista\/block-or-allow-cookies\">Internet Explorer<\/a><\/li>\n<li><a href=\"http:\/\/www.opera.com\/help\/tutorials\/security\/cookies\/\">Opera<\/a><\/li>\n<\/ul>\n<h2 class=\"n\">reCAPTCHA<\/h2>\n<p class=\"n\">Al fine di proteggere i dati che inserisci tramite i formulari di questo sito, utilizziamo il servizio reCaptcha di Google Inc. (Google). Questo servizio verifica che tu sia una persona per evitare che alcune delle funzioni del sito vengano (ab)usate da parte di robot spam (in particolare nella sezione commenti). L&#8217;utilizzo di questa funzione implica che il tuo indirizzo IP e gli altri dati richiesti da Google vengano elaborati per il servizio Google reCaptcha. In ogni caso, all&#8217;interno degli stati membri dell&#8217;Unione Europea e dello Spazio Economico Europeo l&#8217;indirizzo IP viene troncato e reso anonimo prima della trasmissione da parte di Google. Solo in casi eccezionali l&#8217;indirizzo IP viene inviato per intero ad uno dei server di Google negli Stati Uniti e troncato una volta ricevuto. Google utilizza poi queste informazioni per verificare a nome nostro come stai utilizzando il nostro sito. L&#8217;indirizzo IP fornito da reCaptcha non verr\u00e0 aggregato con nessun altro dato in possesso a Google.<br \/>\nLa raccolta di questo dato \u00e8 soggetta alle norme in materia di protezione dei dati di Google (Google Inc.). Per ulteriori informazioni sulla normativa sulla privacy di Google visita:\u00a0<a href=\"https:\/\/www.google.com\/intl\/de\/policies\/privacy\/\" target=\"_blank\">https:\/\/policies.google.com\/privacy?hl=it<\/a><br \/>\nUtilizzando il servizio reCaptcha autorizzi Google a processare i tuoi dati allo scopo e nella maniera di cui sopra.<\/p>\n<\/div>\n<\/section>\n<\/article>\n<\/div>\n<\/section>\n<\/div>\n<\/div>\n<\/section>\n","protected":false},"excerpt":{"rendered":"<div style=\"padding-bottom:20px; padding-top:10px;\" class=\"hupso-share-buttons\"><!-- Hupso Share Buttons - https:\/\/www.hupso.com\/share\/ --><a class=\"hupso_counters\" href=\"https:\/\/www.hupso.com\/share\/\"><img src=\"https:\/\/static.hupso.com\/share\/buttons\/share-small.png\" style=\"border:0px; padding-top:2px; float:left;\" alt=\"Share Button\"\/><\/a><script type=\"text\/javascript\">var hupso_services_c=new Array(\"twitter\",\"facebook_like\",\"facebook_send\",\"google\",\"pinterest\",\"email\",\"print\");var hupso_counters_lang = \"en_US\";var hupso_image_folder_url = \"http:\/\/www.francescobrandoli.eu\/wp-content\/plugins\/hupso-share-buttons-for-twitter-facebook-google\/img\/services\/\";var hupso_url_c=\"\";var hupso_title_c=\"Privacy &amp; Cookie Policy\";<\/script><script type=\"text\/javascript\" src=\"https:\/\/static.hupso.com\/share\/js\/counters.js\"><\/script><!-- Hupso Share Buttons --><\/div><p>Informativa ai sensi dell\u2019art. 13 del D. Lgs. 196\/2003\u00a0e dell\u2019articolo 13 del Regolamento UE n. 2016\/679 Il presente sito \u00e8 una pagina personale dello scrittore Francesco Brandoli e pertanto si ritiene che all&#8217;uso personale non si applichi il GDPR. Per la parte in cui questo sito entra in contatto con un potenziale numero indefinito di [&hellip;]<\/p>\n","protected":false},"author":1,"featured_media":0,"parent":0,"menu_order":0,"comment_status":"closed","ping_status":"closed","template":"","meta":{"footnotes":""},"_links":{"self":[{"href":"https:\/\/www.francescobrandoli.eu\/index.php\/wp-json\/wp\/v2\/pages\/63"}],"collection":[{"href":"https:\/\/www.francescobrandoli.eu\/index.php\/wp-json\/wp\/v2\/pages"}],"about":[{"href":"https:\/\/www.francescobrandoli.eu\/index.php\/wp-json\/wp\/v2\/types\/page"}],"author":[{"embeddable":true,"href":"https:\/\/www.francescobrandoli.eu\/index.php\/wp-json\/wp\/v2\/users\/1"}],"replies":[{"embeddable":true,"href":"https:\/\/www.francescobrandoli.eu\/index.php\/wp-json\/wp\/v2\/comments?post=63"}],"version-history":[{"count":6,"href":"https:\/\/www.francescobrandoli.eu\/index.php\/wp-json\/wp\/v2\/pages\/63\/revisions"}],"predecessor-version":[{"id":876,"href":"https:\/\/www.francescobrandoli.eu\/index.php\/wp-json\/wp\/v2\/pages\/63\/revisions\/876"}],"wp:attachment":[{"href":"https:\/\/www.francescobrandoli.eu\/index.php\/wp-json\/wp\/v2\/media?parent=63"}],"curies":[{"name":"wp","href":"https:\/\/api.w.org\/{rel}","templated":true}]}}